{"id":80,"date":"2024-10-01T01:50:17","date_gmt":"2024-10-01T01:50:17","guid":{"rendered":"https:\/\/0863127.techinfo-cstj.ca\/?page_id=80"},"modified":"2024-10-01T02:10:30","modified_gmt":"2024-10-01T02:10:30","slug":"811-3","status":"publish","type":"page","link":"https:\/\/0863127.techinfo-cstj.ca\/index.php\/811-3\/","title":{"rendered":"811"},"content":{"rendered":"<figure id=\"attachment_97\" aria-describedby=\"caption-attachment-97\" style=\"width: 220px\" class=\"wp-caption alignright\"><img loading=\"lazy\" decoding=\"async\" class=\"wp-image-97\" src=\"https:\/\/0863127.techinfo-cstj.ca\/wp-content\/uploads\/2024\/10\/images.jpg\" alt=\"T\u00e9l\u00e9phone : 8 1 1 \" width=\"220\" height=\"220\" srcset=\"https:\/\/0863127.techinfo-cstj.ca\/wp-content\/uploads\/2024\/10\/images.jpg 225w, https:\/\/0863127.techinfo-cstj.ca\/wp-content\/uploads\/2024\/10\/images-150x150.jpg 150w, https:\/\/0863127.techinfo-cstj.ca\/wp-content\/uploads\/2024\/10\/images-100x100.jpg 100w, https:\/\/0863127.techinfo-cstj.ca\/wp-content\/uploads\/2024\/10\/images-50x50.jpg 50w\" sizes=\"auto, (max-width: 220px) 100vw, 220px\" \/><figcaption id=\"caption-attachment-97\" class=\"wp-caption-text\">T\u00e9l\u00e9phone : 8 1 1<\/figcaption><\/figure>\n<p><span style=\"color: #000000;\"><strong>\u00ab\u00a0Le service 811 au Qu\u00e9bec est un service de consultation t\u00e9l\u00e9phonique qui permet aux citoyens de parler \u00e0 des professionnels de la sant\u00e9, tels que des infirmiers, pour obtenir des conseils sur des questions de sant\u00e9 non urgentes. Ce service aide \u00e0 orienter les utilisateurs vers les soins appropri\u00e9s, que ce soit pour des conseils m\u00e9dicaux, des informations sur les traitements ou des recommandations sur l&rsquo;utilisation des services\u00a0 de sant\u00e9.\u00a0\u00bb<\/strong><\/span><\/p>\n<p><img loading=\"lazy\" decoding=\"async\" class=\"size-medium wp-image-95\" src=\"https:\/\/0863127.techinfo-cstj.ca\/wp-content\/uploads\/2024\/10\/istockphoto-1471759974-612x612-1-300x156.jpg\" alt=\"\" width=\"300\" height=\"156\" srcset=\"https:\/\/0863127.techinfo-cstj.ca\/wp-content\/uploads\/2024\/10\/istockphoto-1471759974-612x612-1-300x156.jpg 300w, https:\/\/0863127.techinfo-cstj.ca\/wp-content\/uploads\/2024\/10\/istockphoto-1471759974-612x612-1.jpg 612w\" sizes=\"auto, (max-width: 300px) 100vw, 300px\" \/><\/p>\n","protected":false},"excerpt":{"rendered":"<p>\u00ab\u00a0Le service 811 au Qu\u00e9bec est un service de consultation t\u00e9l\u00e9phonique qui permet aux citoyens de parler \u00e0 des professionnels de la sant\u00e9, tels que des infirmiers, pour obtenir des conseils sur des questions de<span class=\"more-button\"><a href=\"https:\/\/0863127.techinfo-cstj.ca\/index.php\/811-3\/\" class=\"more-link\">Lire la suite<span class=\"screen-reader-text\">811<\/span><i class=\"fa fa-angle-right\" aria-hidden=\"true\"><\/i><\/a><\/span><\/p>\n","protected":false},"author":1,"featured_media":0,"parent":0,"menu_order":0,"comment_status":"closed","ping_status":"closed","template":"","meta":{"footnotes":""},"class_list":["post-80","page","type-page","status-publish","hentry"],"_links":{"self":[{"href":"https:\/\/0863127.techinfo-cstj.ca\/index.php\/wp-json\/wp\/v2\/pages\/80","targetHints":{"allow":["GET"]}}],"collection":[{"href":"https:\/\/0863127.techinfo-cstj.ca\/index.php\/wp-json\/wp\/v2\/pages"}],"about":[{"href":"https:\/\/0863127.techinfo-cstj.ca\/index.php\/wp-json\/wp\/v2\/types\/page"}],"author":[{"embeddable":true,"href":"https:\/\/0863127.techinfo-cstj.ca\/index.php\/wp-json\/wp\/v2\/users\/1"}],"replies":[{"embeddable":true,"href":"https:\/\/0863127.techinfo-cstj.ca\/index.php\/wp-json\/wp\/v2\/comments?post=80"}],"version-history":[{"count":3,"href":"https:\/\/0863127.techinfo-cstj.ca\/index.php\/wp-json\/wp\/v2\/pages\/80\/revisions"}],"predecessor-version":[{"id":112,"href":"https:\/\/0863127.techinfo-cstj.ca\/index.php\/wp-json\/wp\/v2\/pages\/80\/revisions\/112"}],"wp:attachment":[{"href":"https:\/\/0863127.techinfo-cstj.ca\/index.php\/wp-json\/wp\/v2\/media?parent=80"}],"curies":[{"name":"wp","href":"https:\/\/api.w.org\/{rel}","templated":true}]}}