{"id":32,"date":"2024-09-23T17:13:58","date_gmt":"2024-09-23T17:13:58","guid":{"rendered":"https:\/\/0863127.techinfo-cstj.ca\/?page_id=32"},"modified":"2024-10-01T02:12:29","modified_gmt":"2024-10-01T02:12:29","slug":"fsdfsdfdsf","status":"publish","type":"page","link":"https:\/\/0863127.techinfo-cstj.ca\/index.php\/fsdfsdfdsf\/","title":{"rendered":"911"},"content":{"rendered":"<div class=\"flex max-w-full flex-col flex-grow\">\n<div class=\"min-h-8 text-message flex w-full flex-col items-end gap-2 whitespace-normal break-words [.text-message+&amp;]:mt-5\" dir=\"auto\" data-message-author-role=\"assistant\" data-message-id=\"62901855-8d65-4cfc-975d-5e0f0231274f\">\n<div class=\"flex w-full flex-col gap-1 empty:hidden first:pt-[3px]\">\n<div class=\"markdown prose w-full break-words dark:prose-invert dark\">\n<p><img loading=\"lazy\" decoding=\"async\" class=\"alignnone wp-image-72\" src=\"https:\/\/0863127.techinfo-cstj.ca\/wp-content\/uploads\/2024\/10\/Paramedics-Back-300x200.jpg\" alt=\"\" width=\"665\" height=\"443\" srcset=\"https:\/\/0863127.techinfo-cstj.ca\/wp-content\/uploads\/2024\/10\/Paramedics-Back-300x200.jpg 300w, https:\/\/0863127.techinfo-cstj.ca\/wp-content\/uploads\/2024\/10\/Paramedics-Back-1024x683.jpg 1024w, https:\/\/0863127.techinfo-cstj.ca\/wp-content\/uploads\/2024\/10\/Paramedics-Back-768x512.jpg 768w, https:\/\/0863127.techinfo-cstj.ca\/wp-content\/uploads\/2024\/10\/Paramedics-Back-180x120.jpg 180w, https:\/\/0863127.techinfo-cstj.ca\/wp-content\/uploads\/2024\/10\/Paramedics-Back.jpg 1200w\" sizes=\"auto, (max-width: 665px) 100vw, 665px\" \/><\/p>\n<h1><strong>Les services d&rsquo;ambulance doivent \u00eatre utilis\u00e9s dans les situations suivantes :<\/strong><\/h1>\n<ol>\n<li><strong><span style=\"color: #000000;\"><em>Urgences m\u00e9dicales <\/em>: si une personne \u00e9prouve des douleurs thoraciques, des difficult\u00e9s respiratoires, ou perd connaissance.<\/span><\/strong><\/li>\n<li><strong><span style=\"color: #000000;\"><em>Accidents graves <\/em>: en cas d&rsquo;accidents de la route, de chutes ou de blessures importantes.<\/span><\/strong><\/li>\n<li><strong><span style=\"color: #000000;\"><em>Conditions m\u00e9dicales aigu\u00ebs<\/em> : comme un AVC, une crise cardiaque, ou une r\u00e9action allergique s\u00e9v\u00e8re.<\/span><\/strong><\/li>\n<li><strong><span style=\"color: #000000;\"><em>Urgences obst\u00e9triques<\/em> : si une femme est sur le point d&rsquo;accoucher.<\/span><\/strong><\/li>\n<li><strong><span style=\"color: #000000;\"><em>Syndromes de douleur intense <\/em>: qui n\u00e9cessitent une \u00e9valuation m\u00e9dicale imm\u00e9diate.<\/span><\/strong><\/li>\n<\/ol>\n<p><strong><span style=\"color: #000000;\">En r\u00e9sum\u00e9, contactez les services d&rsquo;ambulance si une intervention m\u00e9dicale rapide est n\u00e9cessaire pour pr\u00e9server la vie ou la sant\u00e9 d&rsquo;<span style=\"font-size: 1.125rem;\">une personne.<\/span><\/span><\/strong><\/p>\n<p><img loading=\"lazy\" decoding=\"async\" class=\"wp-image-70 alignright\" style=\"font-size: 1.125rem;\" src=\"https:\/\/0863127.techinfo-cstj.ca\/wp-content\/uploads\/2024\/10\/maxresdefault-300x169.jpg\" alt=\"\" width=\"540\" height=\"304\" srcset=\"https:\/\/0863127.techinfo-cstj.ca\/wp-content\/uploads\/2024\/10\/maxresdefault-300x169.jpg 300w, https:\/\/0863127.techinfo-cstj.ca\/wp-content\/uploads\/2024\/10\/maxresdefault-1024x576.jpg 1024w, https:\/\/0863127.techinfo-cstj.ca\/wp-content\/uploads\/2024\/10\/maxresdefault-768x432.jpg 768w, https:\/\/0863127.techinfo-cstj.ca\/wp-content\/uploads\/2024\/10\/maxresdefault-940x528.jpg 940w, https:\/\/0863127.techinfo-cstj.ca\/wp-content\/uploads\/2024\/10\/maxresdefault.jpg 1280w\" sizes=\"auto, (max-width: 540px) 100vw, 540px\" \/><\/p>\n<\/div>\n<\/div>\n<\/div>\n<\/div>\n","protected":false},"excerpt":{"rendered":"<p>Les services d&rsquo;ambulance doivent \u00eatre utilis\u00e9s dans les situations suivantes : Urgences m\u00e9dicales : si une personne \u00e9prouve des douleurs thoraciques, des difficult\u00e9s respiratoires, ou perd connaissance. Accidents graves : en cas d&rsquo;accidents de la<span class=\"more-button\"><a href=\"https:\/\/0863127.techinfo-cstj.ca\/index.php\/fsdfsdfdsf\/\" class=\"more-link\">Lire la suite<span class=\"screen-reader-text\">911<\/span><i class=\"fa fa-angle-right\" aria-hidden=\"true\"><\/i><\/a><\/span><\/p>\n","protected":false},"author":1,"featured_media":0,"parent":0,"menu_order":0,"comment_status":"closed","ping_status":"closed","template":"","meta":{"footnotes":""},"class_list":["post-32","page","type-page","status-publish","hentry"],"_links":{"self":[{"href":"https:\/\/0863127.techinfo-cstj.ca\/index.php\/wp-json\/wp\/v2\/pages\/32","targetHints":{"allow":["GET"]}}],"collection":[{"href":"https:\/\/0863127.techinfo-cstj.ca\/index.php\/wp-json\/wp\/v2\/pages"}],"about":[{"href":"https:\/\/0863127.techinfo-cstj.ca\/index.php\/wp-json\/wp\/v2\/types\/page"}],"author":[{"embeddable":true,"href":"https:\/\/0863127.techinfo-cstj.ca\/index.php\/wp-json\/wp\/v2\/users\/1"}],"replies":[{"embeddable":true,"href":"https:\/\/0863127.techinfo-cstj.ca\/index.php\/wp-json\/wp\/v2\/comments?post=32"}],"version-history":[{"count":6,"href":"https:\/\/0863127.techinfo-cstj.ca\/index.php\/wp-json\/wp\/v2\/pages\/32\/revisions"}],"predecessor-version":[{"id":113,"href":"https:\/\/0863127.techinfo-cstj.ca\/index.php\/wp-json\/wp\/v2\/pages\/32\/revisions\/113"}],"wp:attachment":[{"href":"https:\/\/0863127.techinfo-cstj.ca\/index.php\/wp-json\/wp\/v2\/media?parent=32"}],"curies":[{"name":"wp","href":"https:\/\/api.w.org\/{rel}","templated":true}]}}