{"id":2,"date":"2024-09-23T16:21:52","date_gmt":"2024-09-23T16:21:52","guid":{"rendered":"https:\/\/0863127.techinfo-cstj.ca\/?page_id=2"},"modified":"2024-10-01T02:12:57","modified_gmt":"2024-10-01T02:12:57","slug":"sample-page","status":"publish","type":"page","link":"https:\/\/0863127.techinfo-cstj.ca\/index.php\/sample-page\/","title":{"rendered":"Co\u00e9valuation"},"content":{"rendered":"<p><img loading=\"lazy\" decoding=\"async\" class=\"alignnone size-medium wp-image-75\" src=\"https:\/\/0863127.techinfo-cstj.ca\/wp-content\/uploads\/2024\/10\/How-To-Setup-A-Call-Center-A-Comprehensive-Guide-300x162.jpg\" alt=\"\" width=\"300\" height=\"162\" srcset=\"https:\/\/0863127.techinfo-cstj.ca\/wp-content\/uploads\/2024\/10\/How-To-Setup-A-Call-Center-A-Comprehensive-Guide-300x162.jpg 300w, https:\/\/0863127.techinfo-cstj.ca\/wp-content\/uploads\/2024\/10\/How-To-Setup-A-Call-Center-A-Comprehensive-Guide-1024x554.jpg 1024w, https:\/\/0863127.techinfo-cstj.ca\/wp-content\/uploads\/2024\/10\/How-To-Setup-A-Call-Center-A-Comprehensive-Guide-768x415.jpg 768w, https:\/\/0863127.techinfo-cstj.ca\/wp-content\/uploads\/2024\/10\/How-To-Setup-A-Call-Center-A-Comprehensive-Guide.jpg 1200w\" sizes=\"auto, (max-width: 300px) 100vw, 300px\" \/><\/p>\n<p><span style=\"color: #000000;\"><strong>La co\u00e9valuation est un processus d&rsquo;\u00e9valuation en partenariat avec une infirmi\u00e8re \u00e0 distance.\u00a0<\/strong><\/span><br \/>\n<span style=\"color: #000000;\"><strong>La connexion est \u00e9tablie par les services d&rsquo;ambulance o\u00f9 un paramedic vient au domicile pour \u00e9valuer si le client est bien dans un \u00e9tat g\u00e9n\u00e9ral stable.\u00a0<\/strong><\/span><\/p>\n<p><span style=\"color: #000000;\"><strong>Objectif de la co\u00e9valution est de trouver des solutions alternitives pour que le client puisse se r\u00e9tablir \u00e0 domicile ou de trouver un rendez-vous dans une clinique.\u00a0<\/strong><\/span> <img loading=\"lazy\" decoding=\"async\" class=\" wp-image-76 alignright\" src=\"https:\/\/0863127.techinfo-cstj.ca\/wp-content\/uploads\/2024\/10\/telechargement.jpg\" alt=\"\" width=\"337\" height=\"224\" srcset=\"https:\/\/0863127.techinfo-cstj.ca\/wp-content\/uploads\/2024\/10\/telechargement.jpg 275w, https:\/\/0863127.techinfo-cstj.ca\/wp-content\/uploads\/2024\/10\/telechargement-180x120.jpg 180w\" sizes=\"auto, (max-width: 337px) 100vw, 337px\" \/><\/p>\n","protected":false},"excerpt":{"rendered":"<p>La co\u00e9valuation est un processus d&rsquo;\u00e9valuation en partenariat avec une infirmi\u00e8re \u00e0 distance.\u00a0 La connexion est \u00e9tablie par les services d&rsquo;ambulance o\u00f9 un paramedic vient au domicile pour \u00e9valuer si le client est bien dans<span class=\"more-button\"><a href=\"https:\/\/0863127.techinfo-cstj.ca\/index.php\/sample-page\/\" class=\"more-link\">Lire la suite<span class=\"screen-reader-text\">Co\u00e9valuation<\/span><i class=\"fa fa-angle-right\" aria-hidden=\"true\"><\/i><\/a><\/span><\/p>\n","protected":false},"author":1,"featured_media":0,"parent":0,"menu_order":0,"comment_status":"closed","ping_status":"open","template":"","meta":{"footnotes":""},"class_list":["post-2","page","type-page","status-publish","hentry"],"_links":{"self":[{"href":"https:\/\/0863127.techinfo-cstj.ca\/index.php\/wp-json\/wp\/v2\/pages\/2","targetHints":{"allow":["GET"]}}],"collection":[{"href":"https:\/\/0863127.techinfo-cstj.ca\/index.php\/wp-json\/wp\/v2\/pages"}],"about":[{"href":"https:\/\/0863127.techinfo-cstj.ca\/index.php\/wp-json\/wp\/v2\/types\/page"}],"author":[{"embeddable":true,"href":"https:\/\/0863127.techinfo-cstj.ca\/index.php\/wp-json\/wp\/v2\/users\/1"}],"replies":[{"embeddable":true,"href":"https:\/\/0863127.techinfo-cstj.ca\/index.php\/wp-json\/wp\/v2\/comments?post=2"}],"version-history":[{"count":4,"href":"https:\/\/0863127.techinfo-cstj.ca\/index.php\/wp-json\/wp\/v2\/pages\/2\/revisions"}],"predecessor-version":[{"id":114,"href":"https:\/\/0863127.techinfo-cstj.ca\/index.php\/wp-json\/wp\/v2\/pages\/2\/revisions\/114"}],"wp:attachment":[{"href":"https:\/\/0863127.techinfo-cstj.ca\/index.php\/wp-json\/wp\/v2\/media?parent=2"}],"curies":[{"name":"wp","href":"https:\/\/api.w.org\/{rel}","templated":true}]}}